{"id":1560,"date":"2016-11-15T16:25:40","date_gmt":"2016-11-15T15:25:40","guid":{"rendered":"http:\/\/www.circhimica.it\/?page_id=1560"},"modified":"2016-11-15T16:28:03","modified_gmt":"2016-11-15T15:28:03","slug":"cir-verso-il-futuro","status":"publish","type":"page","link":"https:\/\/www.circhimica.it\/en\/cir-verso-il-futuro\/","title":{"rendered":"CIR VERSO IL FUTURO"},"content":{"rendered":"[vc_row type=&#8221;in_container&#8221; full_screen_row_position=&#8221;middle&#8221; scene_position=&#8221;center&#8221; text_color=&#8221;dark&#8221; text_align=&#8221;left&#8221; overlay_strength=&#8221;0.3&#8243;][vc_column column_padding=&#8221;no-extra-padding&#8221; column_padding_position=&#8221;all&#8221; background_color_opacity=&#8221;1&#8243; background_hover_color_opacity=&#8221;1&#8243; width=&#8221;1\/1&#8243; tablet_text_alignment=&#8221;default&#8221; phone_text_alignment=&#8221;default&#8221;][divider line_type=&#8221;No Line&#8221; custom_height=&#8221;22&#8243;][\/vc_column][\/vc_row][vc_row type=&#8221;in_container&#8221; full_screen_row_position=&#8221;middle&#8221; scene_position=&#8221;center&#8221; text_color=&#8221;dark&#8221; text_align=&#8221;left&#8221; overlay_strength=&#8221;0.3&#8243;][vc_column column_padding=&#8221;no-extra-padding&#8221; column_padding_position=&#8221;all&#8221; background_color_opacity=&#8221;1&#8243; background_hover_color_opacity=&#8221;1&#8243; width=&#8221;1\/2&#8243; tablet_text_alignment=&#8221;default&#8221; phone_text_alignment=&#8221;default&#8221;][vc_column_text]Negli oltre 30 anni della sua storia, CIR comprende la ricchezza della sua offerta che \u00e8 caratterizzata da una ricerca costante e attenta a formulati che siano efficaci ma rispettosi dei materiali in modo indiscutibile. CIR comprende atto quindi che la sua mission pu\u00f2 espandersi al moderno, al nuovo ed al vecchio, non pi\u00f9 solo all\u2019antico. Efficacia e rispetto dei materiali sono la soluzione idonea anche alle necessit\u00e0 del moderno settore edile: migliorare i trattamenti di facciate e pavimentazioni cos\u00ec da garantirne l\u2019efficacia e la durata nel tempo.    Questa quindi la storia di CIR: L\u2019esperienza nel mondo del Restauro \u00e8 cresciuta negli anni fino a diventare oggi un know-how che risponde in modo specifico e puntuale non pi\u00f9 soltanto a tutte le problematiche di intervento sugli edifici ed i manufatti storici e artistici, ma come offerta completa di soluzioni per il mondo dei materiali lapidei, fino a spingersi oltre nel settore dei materiali marmorei, vetrosi, silicei, metallici.    La natura della proposta CIR \u00e8 diventata duplice: quella della cura e conservazione dell\u2019antico e quella della cura, della prevenzione, della ristrutturazione e manutenzione del nuovo e del vecchio, contro lo sporco organico e l\u2019imbrattamento vandalico, i segni del tempo e dello smog, le conseguenze dell\u2019usura e della trascuratezza. Restare al passo con i tempi ha significato per CIR imparare il nuovo linguaggio dei materiali e quello dei materiali innovativi, dei loro trattamenti, delle lavorazioni manuali e tecnologiche, dal tornio del mastro di bottega a quello a controllo numerico altamente informatizzato.[\/vc_column_text][\/vc_column][vc_column column_padding=&#8221;no-extra-padding&#8221; column_padding_position=&#8221;all&#8221; background_color_opacity=&#8221;1&#8243; background_hover_color_opacity=&#8221;1&#8243; width=&#8221;1\/2&#8243; tablet_text_alignment=&#8221;default&#8221; phone_text_alignment=&#8221;default&#8221;][image_with_animation image_url=&#8221;1561&#8243; alignment=&#8221;&#8221; animation=&#8221;Fade In&#8221; box_shadow=&#8221;none&#8221; max_width=&#8221;100%&#8221;][\/vc_column][\/vc_row][vc_row type=&#8221;in_container&#8221; full_screen_row_position=&#8221;middle&#8221; scene_position=&#8221;center&#8221; text_color=&#8221;dark&#8221; text_align=&#8221;left&#8221; overlay_strength=&#8221;0.3&#8243;][vc_column column_padding=&#8221;no-extra-padding&#8221; column_padding_position=&#8221;all&#8221; background_color_opacity=&#8221;1&#8243; background_hover_color_opacity=&#8221;1&#8243; width=&#8221;1\/4&#8243; tablet_text_alignment=&#8221;default&#8221; phone_text_alignment=&#8221;default&#8221;][image_with_animation image_url=&#8221;1563&#8243; alignment=&#8221;&#8221; animation=&#8221;Fade In&#8221; box_shadow=&#8221;none&#8221; max_width=&#8221;100%&#8221;][\/vc_column][vc_column column_padding=&#8221;no-extra-padding&#8221; column_padding_position=&#8221;all&#8221; background_color_opacity=&#8221;1&#8243; background_hover_color_opacity=&#8221;1&#8243; width=&#8221;3\/4&#8243; tablet_text_alignment=&#8221;default&#8221; phone_text_alignment=&#8221;default&#8221;][vc_column_text]Il 2014 ha segnato per CIR un ulteriore passo avanti verso un approccio market-oriented. CIR decide di mettere a disposizione del mondo consumer il proprio know-how. Innanzitutto CIR focalizza l\u2019attenzione sul diverso linguaggio di questa tipologia di cliente: la massima complessit\u00e0 della ricerca di formulati efficaci e rispettosi dei materiali e dell\u2019ambiente, deve diventare la massima semplicit\u00e0 di comunicazione e di utilizzo del prodotto. Nascono cos\u00ec proposte dai nomi accattivanti e dalle caratteristiche multifunzionali. La garanzia di professionalit\u00e0 ed efficacia si estende dall\u2019operatore esperto al consumatore dei nostri tempi, pure esigente anche se spesso ignaro utilizzatore di materiali sofisticati e spesso costosi che necessitano la massima cura, desideroso di capire e di fare da s\u00e9, pronto a procurarsi prodotti e strumenti idonei al suo caso. Il suo scopo \u00e8 comunque sempre quello di agire bene e in poco tempo, oggi il bene in assoluto pi\u00f9 prezioso.    La nostra ultima linea \u2018focus\u2019 nasce proprio dalla volont\u00e0 di mettere a fuoco cosa chiede il mercato consumer e come possiamo offrire soluzioni dirette, immediate, comunicate con lucidit\u00e0 e chiarezza. Siamo all\u2019inizio di un\u2019avventura commerciale che desideriamo condividere con chi sa comprenderne la sfida. Il look CIR oggi \u00e8 fresco, luminoso, comunicativo al primo impatto. Abbiamo sviluppato nuovi strumenti di marketing, e siamo pronti a sempre nuovi sviluppi che si adeguino ad ogni tipologia di canale distributivo pi\u00f9 o meno capillare. L\u2019arte \u00e8 diventata mestiere ed oggi il mestiere \u00e8 diventato professionalit\u00e0 del quotidiano.[\/vc_column_text][\/vc_column][\/vc_row]\n","protected":false},"excerpt":{"rendered":"<p>[vc_row type=&#8221;in_container&#8221; full_screen_row_position=&#8221;middle&#8221; scene_position=&#8221;center&#8221; text_color=&#8221;dark&#8221; text_align=&#8221;left&#8221; overlay_strength=&#8221;0.3&#8243;][vc_column column_padding=&#8221;no-extra-padding&#8221; column_padding_position=&#8221;all&#8221; background_color_opacity=&#8221;1&#8243; background_hover_color_opacity=&#8221;1&#8243; width=&#8221;1\/1&#8243; tablet_text_alignment=&#8221;default&#8221; phone_text_alignment=&#8221;default&#8221;][divider line_type=&#8221;No Line&#8221; custom_height=&#8221;22&#8243;][\/vc_column][\/vc_row][vc_row type=&#8221;in_container&#8221; full_screen_row_position=&#8221;middle&#8221; scene_position=&#8221;center&#8221; text_color=&#8221;dark&#8221; text_align=&#8221;left&#8221; overlay_strength=&#8221;0.3&#8243;][vc_column column_padding=&#8221;no-extra-padding&#8221; column_padding_position=&#8221;all&#8221; background_color_opacity=&#8221;1&#8243; background_hover_color_opacity=&#8221;1&#8243; width=&#8221;1\/2&#8243; tablet_text_alignment=&#8221;default&#8221; phone_text_alignment=&#8221;default&#8221;][vc_column_text]Negli&#8230;<\/p>\n","protected":false},"author":1,"featured_media":0,"parent":0,"menu_order":0,"comment_status":"closed","ping_status":"closed","template":"","meta":{"_exactmetrics_skip_tracking":false,"_exactmetrics_sitenote_active":false,"_exactmetrics_sitenote_note":"","_exactmetrics_sitenote_category":0,"footnotes":""},"class_list":["post-1560","page","type-page","status-publish"],"_links":{"self":[{"href":"https:\/\/www.circhimica.it\/en\/wp-json\/wp\/v2\/pages\/1560","targetHints":{"allow":["GET"]}}],"collection":[{"href":"https:\/\/www.circhimica.it\/en\/wp-json\/wp\/v2\/pages"}],"about":[{"href":"https:\/\/www.circhimica.it\/en\/wp-json\/wp\/v2\/types\/page"}],"author":[{"embeddable":true,"href":"https:\/\/www.circhimica.it\/en\/wp-json\/wp\/v2\/users\/1"}],"replies":[{"embeddable":true,"href":"https:\/\/www.circhimica.it\/en\/wp-json\/wp\/v2\/comments?post=1560"}],"version-history":[{"count":0,"href":"https:\/\/www.circhimica.it\/en\/wp-json\/wp\/v2\/pages\/1560\/revisions"}],"wp:attachment":[{"href":"https:\/\/www.circhimica.it\/en\/wp-json\/wp\/v2\/media?parent=1560"}],"curies":[{"name":"wp","href":"https:\/\/api.w.org\/{rel}","templated":true}]}}