{"id":11661,"date":"2024-05-20T17:01:02","date_gmt":"2024-05-20T15:01:02","guid":{"rendered":"https:\/\/www.circhimica.it\/consolidacion-de-yeso\/"},"modified":"2024-05-20T17:01:04","modified_gmt":"2024-05-20T15:01:04","slug":"consolidacion-de-yeso","status":"publish","type":"page","link":"https:\/\/www.circhimica.it\/es\/consolidacion-de-yeso\/","title":{"rendered":"Consolidaci\u00f3n de yeso"},"content":{"rendered":"[vc_row type=\u00bbfull_width_background\u00bb full_screen_row_position=\u00bbmiddle\u00bb column_margin=\u00bbdefault\u00bb column_direction=\u00bbdefault\u00bb column_direction_tablet=\u00bbdefault\u00bb column_direction_phone=\u00bbdefault\u00bb scene_position=\u00bbcenter\u00bb text_color=\u00bbdark\u00bb text_align=\u00bbleft\u00bb row_border_radius=\u00bbnone\u00bb row_border_radius_applies=\u00bbbg\u00bb overflow=\u00bbvisible\u00bb overlay_strength=\u00bb0.3&#8243; gradient_direction=\u00bbleft_to_right\u00bb shape_divider_position=\u00bbbottom\u00bb bg_image_animation=\u00bbnone\u00bb gradient_type=\u00bbdefault\u00bb shape_type=\u00bb\u00bb][vc_column column_padding=\u00bbno-extra-padding\u00bb column_padding_tablet=\u00bbinherit\u00bb column_padding_phone=\u00bbinherit\u00bb column_padding_position=\u00bball\u00bb column_element_direction_desktop=\u00bbdefault\u00bb column_element_spacing=\u00bbdefault\u00bb desktop_text_alignment=\u00bbdefault\u00bb tablet_text_alignment=\u00bbdefault\u00bb phone_text_alignment=\u00bbdefault\u00bb background_color_opacity=\u00bb1&#8243; background_hover_color_opacity=\u00bb1&#8243; column_backdrop_filter=\u00bbnone\u00bb column_shadow=\u00bbnone\u00bb column_border_radius=\u00bbnone\u00bb column_link_target=\u00bb_self\u00bb column_position=\u00bbdefault\u00bb gradient_direction=\u00bbleft_to_right\u00bb overlay_strength=\u00bb0.3&#8243; width=\u00bb1\/1&#8243; tablet_width_inherit=\u00bbdefault\u00bb animation_type=\u00bbdefault\u00bb bg_image_animation=\u00bbnone\u00bb border_type=\u00bbsimple\u00bb column_border_width=\u00bbnone\u00bb column_border_style=\u00bbsolid\u00bb][image_with_animation image_url=\u00bb4405&#8243; image_size=\u00bbfull\u00bb animation_type=\u00bbentrance\u00bb animation=\u00bbNone\u00bb animation_movement_type=\u00bbtransform_y\u00bb hover_animation=\u00bbnone\u00bb alignment=\u00bb\u00bb border_radius=\u00bbnone\u00bb box_shadow=\u00bbnone\u00bb image_loading=\u00bbdefault\u00bb max_width=\u00bb100%\u00bb max_width_mobile=\u00bbdefault\u00bb margin_bottom=\u00bb20&#8243;][\/vc_column][\/vc_row][vc_row type=\u00bbin_container\u00bb full_screen_row_position=\u00bbmiddle\u00bb column_margin=\u00bbdefault\u00bb column_direction=\u00bbdefault\u00bb column_direction_tablet=\u00bbdefault\u00bb column_direction_phone=\u00bbdefault\u00bb scene_position=\u00bbcenter\u00bb text_color=\u00bbdark\u00bb text_align=\u00bbleft\u00bb row_border_radius=\u00bbnone\u00bb row_border_radius_applies=\u00bbbg\u00bb overflow=\u00bbvisible\u00bb overlay_strength=\u00bb0.3&#8243; gradient_direction=\u00bbleft_to_right\u00bb shape_divider_position=\u00bbbottom\u00bb bg_image_animation=\u00bbnone\u00bb][vc_column column_padding=\u00bbno-extra-padding\u00bb column_padding_tablet=\u00bbinherit\u00bb column_padding_phone=\u00bbinherit\u00bb column_padding_position=\u00bball\u00bb column_element_direction_desktop=\u00bbdefault\u00bb column_element_spacing=\u00bbdefault\u00bb desktop_text_alignment=\u00bbdefault\u00bb tablet_text_alignment=\u00bbdefault\u00bb phone_text_alignment=\u00bbdefault\u00bb background_color_opacity=\u00bb1&#8243; background_hover_color_opacity=\u00bb1&#8243; column_backdrop_filter=\u00bbnone\u00bb column_shadow=\u00bbnone\u00bb column_border_radius=\u00bbnone\u00bb column_link_target=\u00bb_self\u00bb column_position=\u00bbdefault\u00bb gradient_direction=\u00bbleft_to_right\u00bb overlay_strength=\u00bb0.3&#8243; width=\u00bb1\/2&#8243; tablet_width_inherit=\u00bbdefault\u00bb animation_type=\u00bbdefault\u00bb bg_image_animation=\u00bbnone\u00bb border_type=\u00bbsimple\u00bb column_border_width=\u00bbnone\u00bb column_border_style=\u00bbsolid\u00bb][vc_custom_heading text=\u00bbEl problema\u00bb use_theme_fonts=\u00bbyes\u00bb][vc_column_text]Las superficies minerales, enlucidas o alisadas, pueden resultar <strong>calc\u00e1reas <\/strong> y en algunos casos <strong>pobres en conglomerante<\/strong> y, por tanto, con <strong>escasa resistencia mec\u00e1nica<\/strong>. La realizaci\u00f3n de acabados sobre superficies inadecuadas puede provocar con el tiempo, debido a las tensiones que se forman entre las distintas capas, <strong>microfisuras <\/strong> a partir de las cuales el agua desencadenar\u00e1 su acci\u00f3n degradante.<\/p>\n<p>El problema descrito anteriormente se produce tambi\u00e9n en <strong>pinturas antiguas<\/strong>, ahora est\u00e9ticamente degradadas pero a\u00fan resistentes, para las que se pretende realizar una intervenci\u00f3n de acabado superpuesta.[\/vc_column_text][\/vc_column][vc_column column_padding=\u00bbno-extra-padding\u00bb column_padding_tablet=\u00bbinherit\u00bb column_padding_phone=\u00bbinherit\u00bb column_padding_position=\u00bball\u00bb column_element_direction_desktop=\u00bbdefault\u00bb column_element_spacing=\u00bbdefault\u00bb desktop_text_alignment=\u00bbdefault\u00bb tablet_text_alignment=\u00bbdefault\u00bb phone_text_alignment=\u00bbdefault\u00bb background_color_opacity=\u00bb1&#8243; background_hover_color_opacity=\u00bb1&#8243; column_backdrop_filter=\u00bbnone\u00bb column_shadow=\u00bbnone\u00bb column_border_radius=\u00bbnone\u00bb column_link_target=\u00bb_self\u00bb column_position=\u00bbdefault\u00bb gradient_direction=\u00bbleft_to_right\u00bb overlay_strength=\u00bb0.3&#8243; width=\u00bb1\/2&#8243; tablet_width_inherit=\u00bbdefault\u00bb animation_type=\u00bbdefault\u00bb bg_image_animation=\u00bbnone\u00bb border_type=\u00bbsimple\u00bb column_border_width=\u00bbnone\u00bb column_border_style=\u00bbsolid\u00bb][vc_custom_heading text=\u00bbLa Soluci\u00f3n\u00bb use_theme_fonts=\u00bbyes\u00bb][vc_column_text]Utilizando <strong>consolidantes espec\u00edficos<\/strong>, dise\u00f1ados para intervenciones sobre soportes minerales como yeso, placas de yeso, superficies a base de yeso y pinturas antiguas, es posible <strong>detener la formaci\u00f3n de polvo en las superficies<\/strong>, devolviendo compacidad y resistencia a los materiales. Adem\u00e1s, los consolidantes <strong>estandarizan la absorci\u00f3n<\/strong> de productos de acabado posteriores y facilitan su aplicaci\u00f3n.[\/vc_column_text][\/vc_column][\/vc_row][vc_row type=\u00bbin_container\u00bb full_screen_row_position=\u00bbmiddle\u00bb column_margin=\u00bbdefault\u00bb column_direction=\u00bbdefault\u00bb column_direction_tablet=\u00bbdefault\u00bb column_direction_phone=\u00bbdefault\u00bb scene_position=\u00bbcenter\u00bb text_color=\u00bbdark\u00bb text_align=\u00bbleft\u00bb row_border_radius=\u00bbnone\u00bb row_border_radius_applies=\u00bbbg\u00bb overflow=\u00bbvisible\u00bb overlay_strength=\u00bb0.3&#8243; gradient_direction=\u00bbleft_to_right\u00bb shape_divider_position=\u00bbbottom\u00bb bg_image_animation=\u00bbnone\u00bb][vc_column column_padding=\u00bbno-extra-padding\u00bb column_padding_tablet=\u00bbinherit\u00bb column_padding_phone=\u00bbinherit\u00bb column_padding_position=\u00bball\u00bb column_element_direction_desktop=\u00bbdefault\u00bb column_element_spacing=\u00bbdefault\u00bb desktop_text_alignment=\u00bbdefault\u00bb tablet_text_alignment=\u00bbdefault\u00bb phone_text_alignment=\u00bbdefault\u00bb background_color_opacity=\u00bb1&#8243; background_hover_color_opacity=\u00bb1&#8243; column_backdrop_filter=\u00bbnone\u00bb column_shadow=\u00bbnone\u00bb column_border_radius=\u00bbnone\u00bb column_link_target=\u00bb_self\u00bb column_position=\u00bbdefault\u00bb gradient_direction=\u00bbleft_to_right\u00bb overlay_strength=\u00bb0.3&#8243; width=\u00bb1\/1&#8243; tablet_width_inherit=\u00bbdefault\u00bb animation_type=\u00bbdefault\u00bb bg_image_animation=\u00bbnone\u00bb border_type=\u00bbsimple\u00bb column_border_width=\u00bbnone\u00bb column_border_style=\u00bbsolid\u00bb][vc_custom_heading text=\u00bbNuestros productos\u00bb use_theme_fonts=\u00bbyes\u00bb]<div class=\"woocommerce columns-4 \">\n  <ul class=\"products columns-4\" data-n-lazy=\"off\" data-rm-m-hover=\"off\" data-n-desktop-columns=\"4\" data-n-desktop-small-columns=\"4\" data-n-tablet-columns=\"2\" data-n-phone-columns=\"1\" data-product-style=\"classic\">\n\n\n\n\t<li class=\"classic product type-product post-10460 status-publish first instock product_cat-consolidamento-materiali-es product_cat-consolidamento-intonaci-es product_cat-facciate-consolidanti-es product_tag-base-acqua-es product_tag-sicuro_operatore-es product_tag-voczero-es has-post-thumbnail shipping-taxable product-type-simple\" >\n\n\n\t\n\n\t\t\t   <div class=\"product-wrap\">\n\t\t\t<a href=\"https:\/\/www.circhimica.it\/es\/prodotto\/acquacons\/\" aria-label=\"ACQUACONS\"><img loading=\"lazy\" decoding=\"async\" width=\"260\" height=\"260\" src=\"https:\/\/www.circhimica.it\/wp-content\/uploads\/2017\/01\/ACQUACONS-260x260.png\" class=\"attachment-woocommerce_thumbnail size-woocommerce_thumbnail\" alt=\"ACQUACONS\" srcset=\"https:\/\/www.circhimica.it\/wp-content\/uploads\/2017\/01\/ACQUACONS-260x260.png 260w, https:\/\/www.circhimica.it\/wp-content\/uploads\/2017\/01\/ACQUACONS-300x300.png 300w, https:\/\/www.circhimica.it\/wp-content\/uploads\/2017\/01\/ACQUACONS-1024x1024.png 1024w, https:\/\/www.circhimica.it\/wp-content\/uploads\/2017\/01\/ACQUACONS-150x150.png 150w, https:\/\/www.circhimica.it\/wp-content\/uploads\/2017\/01\/ACQUACONS-768x768.png 768w, https:\/\/www.circhimica.it\/wp-content\/uploads\/2017\/01\/ACQUACONS-140x140.png 140w, https:\/\/www.circhimica.it\/wp-content\/uploads\/2017\/01\/ACQUACONS-100x100.png 100w, https:\/\/www.circhimica.it\/wp-content\/uploads\/2017\/01\/ACQUACONS-500x500.png 500w, https:\/\/www.circhimica.it\/wp-content\/uploads\/2017\/01\/ACQUACONS-350x350.png 350w, https:\/\/www.circhimica.it\/wp-content\/uploads\/2017\/01\/ACQUACONS-1000x1000.png 1000w, https:\/\/www.circhimica.it\/wp-content\/uploads\/2017\/01\/ACQUACONS-800x800.png 800w, https:\/\/www.circhimica.it\/wp-content\/uploads\/2017\/01\/ACQUACONS-400x400.png 400w, https:\/\/www.circhimica.it\/wp-content\/uploads\/2017\/01\/ACQUACONS.png 1200w\" sizes=\"auto, (max-width: 260px) 100vw, 260px\" \/><\/a>\n\t\t\t<div class=\"product-add-to-cart\" data-nectar-quickview=\"false\"><a href=\"https:\/\/www.circhimica.it\/es\/prodotto\/acquacons\/\" aria-describedby=\"woocommerce_loop_add_to_cart_link_describedby_10460\" data-quantity=\"1\" class=\"button product_type_simple\" data-product_id=\"10460\" data-product_sku=\"\" aria-label=\"Lee m\u00e1s sobre &ldquo;ACQUACONS&rdquo;\" rel=\"nofollow\" data-success_message=\"\">Leer m\u00e1s<\/a>\t<span id=\"woocommerce_loop_add_to_cart_link_describedby_10460\" class=\"screen-reader-text\">\n\t\t\t<\/span>\n<\/div>\t\t   <\/div>\n\t\t\t\t\n\t  \n\n\t\t<h2 class=\"woocommerce-loop-product__title\">ACQUACONS<\/h2>\n\n\t\n\n\t\n<\/li>\n\t<li class=\"classic product type-product post-10194 status-publish instock product_cat-abrigos-saneamiento-y-proteccion product_cat-consolidamento-intonaci-es product_cat-facciate-consolidanti-es product_tag-base-acqua-es product_tag-sicuro_operatore-es product_tag-voczero-es has-post-thumbnail shipping-taxable product-type-simple\" >\n\n\n\t\n\n\t\t\t   <div class=\"product-wrap\">\n\t\t\t<a href=\"https:\/\/www.circhimica.it\/es\/prodotto\/consacrilic\/\" aria-label=\"CONSACRILIC\"><img loading=\"lazy\" decoding=\"async\" width=\"260\" height=\"260\" src=\"https:\/\/www.circhimica.it\/wp-content\/uploads\/2017\/01\/CONSACRILIC-260x260.png\" class=\"attachment-woocommerce_thumbnail size-woocommerce_thumbnail\" alt=\"CONSACRILIC\" srcset=\"https:\/\/www.circhimica.it\/wp-content\/uploads\/2017\/01\/CONSACRILIC-260x260.png 260w, https:\/\/www.circhimica.it\/wp-content\/uploads\/2017\/01\/CONSACRILIC-300x300.png 300w, https:\/\/www.circhimica.it\/wp-content\/uploads\/2017\/01\/CONSACRILIC-1024x1024.png 1024w, https:\/\/www.circhimica.it\/wp-content\/uploads\/2017\/01\/CONSACRILIC-150x150.png 150w, https:\/\/www.circhimica.it\/wp-content\/uploads\/2017\/01\/CONSACRILIC-768x768.png 768w, https:\/\/www.circhimica.it\/wp-content\/uploads\/2017\/01\/CONSACRILIC-140x140.png 140w, https:\/\/www.circhimica.it\/wp-content\/uploads\/2017\/01\/CONSACRILIC-100x100.png 100w, https:\/\/www.circhimica.it\/wp-content\/uploads\/2017\/01\/CONSACRILIC-500x500.png 500w, https:\/\/www.circhimica.it\/wp-content\/uploads\/2017\/01\/CONSACRILIC-350x350.png 350w, https:\/\/www.circhimica.it\/wp-content\/uploads\/2017\/01\/CONSACRILIC-1000x1000.png 1000w, https:\/\/www.circhimica.it\/wp-content\/uploads\/2017\/01\/CONSACRILIC-800x800.png 800w, https:\/\/www.circhimica.it\/wp-content\/uploads\/2017\/01\/CONSACRILIC-400x400.png 400w, https:\/\/www.circhimica.it\/wp-content\/uploads\/2017\/01\/CONSACRILIC.png 1200w\" sizes=\"auto, (max-width: 260px) 100vw, 260px\" \/><\/a>\n\t\t\t<div class=\"product-add-to-cart\" data-nectar-quickview=\"false\"><a href=\"https:\/\/www.circhimica.it\/es\/prodotto\/consacrilic\/\" aria-describedby=\"woocommerce_loop_add_to_cart_link_describedby_10194\" data-quantity=\"1\" class=\"button product_type_simple\" data-product_id=\"10194\" data-product_sku=\"\" aria-label=\"Lee m\u00e1s sobre &ldquo;CONSACRILIC&rdquo;\" rel=\"nofollow\" data-success_message=\"\">Leer m\u00e1s<\/a>\t<span id=\"woocommerce_loop_add_to_cart_link_describedby_10194\" class=\"screen-reader-text\">\n\t\t\t<\/span>\n<\/div>\t\t   <\/div>\n\t\t\t\t\n\t  \n\n\t\t<h2 class=\"woocommerce-loop-product__title\">CONSACRILIC<\/h2>\n\n\t\n\n\t\n<\/li><\/ul>\n<\/div>[\/vc_column][\/vc_row][vc_row type=\u00bbin_container\u00bb full_screen_row_position=\u00bbmiddle\u00bb column_margin=\u00bbdefault\u00bb column_direction=\u00bbdefault\u00bb column_direction_tablet=\u00bbdefault\u00bb column_direction_phone=\u00bbdefault\u00bb scene_position=\u00bbcenter\u00bb text_color=\u00bbdark\u00bb text_align=\u00bbleft\u00bb row_border_radius=\u00bbnone\u00bb row_border_radius_applies=\u00bbbg\u00bb overflow=\u00bbvisible\u00bb overlay_strength=\u00bb0.3&#8243; gradient_direction=\u00bbleft_to_right\u00bb shape_divider_position=\u00bbbottom\u00bb bg_image_animation=\u00bbnone\u00bb][vc_column column_padding=\u00bbno-extra-padding\u00bb column_padding_tablet=\u00bbinherit\u00bb column_padding_phone=\u00bbinherit\u00bb column_padding_position=\u00bball\u00bb column_element_direction_desktop=\u00bbdefault\u00bb column_element_spacing=\u00bbdefault\u00bb desktop_text_alignment=\u00bbdefault\u00bb tablet_text_alignment=\u00bbdefault\u00bb phone_text_alignment=\u00bbdefault\u00bb background_color_opacity=\u00bb1&#8243; background_hover_color_opacity=\u00bb1&#8243; column_backdrop_filter=\u00bbnone\u00bb column_shadow=\u00bbnone\u00bb column_border_radius=\u00bbnone\u00bb column_link_target=\u00bb_self\u00bb column_position=\u00bbdefault\u00bb gradient_direction=\u00bbleft_to_right\u00bb overlay_strength=\u00bb0.3&#8243; width=\u00bb1\/1&#8243; tablet_width_inherit=\u00bbdefault\u00bb animation_type=\u00bbdefault\u00bb bg_image_animation=\u00bbnone\u00bb border_type=\u00bbsimple\u00bb column_border_width=\u00bbnone\u00bb column_border_style=\u00bbsolid\u00bb][vc_custom_heading text=\u00bbCiclo de intervenci\u00f3n\u00bb use_theme_fonts=\u00bbyes\u00bb][vc_row_inner column_margin=\u00bbdefault\u00bb column_direction=\u00bbdefault\u00bb column_direction_tablet=\u00bbdefault\u00bb column_direction_phone=\u00bbdefault\u00bb text_align=\u00bbleft\u00bb row_position=\u00bbdefault\u00bb row_position_tablet=\u00bbinherit\u00bb row_position_phone=\u00bbinherit\u00bb overflow=\u00bbvisible\u00bb pointer_events=\u00bball\u00bb][vc_column_inner column_padding=\u00bbno-extra-padding\u00bb column_padding_tablet=\u00bbinherit\u00bb column_padding_phone=\u00bbinherit\u00bb column_padding_position=\u00bball\u00bb column_element_direction_desktop=\u00bbdefault\u00bb column_element_spacing=\u00bbdefault\u00bb desktop_text_alignment=\u00bbdefault\u00bb tablet_text_alignment=\u00bbdefault\u00bb phone_text_alignment=\u00bbdefault\u00bb background_color_opacity=\u00bb1&#8243; background_hover_color_opacity=\u00bb1&#8243; column_backdrop_filter=\u00bbnone\u00bb column_shadow=\u00bbnone\u00bb column_border_radius=\u00bbnone\u00bb column_link_target=\u00bb_self\u00bb overflow=\u00bbvisible\u00bb gradient_direction=\u00bbleft_to_right\u00bb overlay_strength=\u00bb0.3&#8243; width=\u00bb1\/4&#8243; tablet_width_inherit=\u00bbdefault\u00bb animation_type=\u00bbdefault\u00bb bg_image_animation=\u00bbnone\u00bb border_type=\u00bbsimple\u00bb column_border_width=\u00bbnone\u00bb column_border_style=\u00bbsolid\u00bb][milestone heading_inherit=\u00bbdefault\u00bb subject_padding=\u00bb2%\u00bb color=\u00bbDefault\u00bb effect=\u00bbcount\u00bb milestone_alignment=\u00bbdefault\u00bb number=\u00bb1&#8243; subject=\u00bbEliminar los contaminantes presentes en las superficies con un limpiador CIR espec\u00edfico\u00bb number_font_size=\u00bb48&#8243;][\/vc_column_inner][vc_column_inner column_padding=\u00bbno-extra-padding\u00bb column_padding_tablet=\u00bbinherit\u00bb column_padding_phone=\u00bbinherit\u00bb column_padding_position=\u00bball\u00bb column_element_direction_desktop=\u00bbdefault\u00bb column_element_spacing=\u00bbdefault\u00bb desktop_text_alignment=\u00bbdefault\u00bb tablet_text_alignment=\u00bbdefault\u00bb phone_text_alignment=\u00bbdefault\u00bb background_color_opacity=\u00bb1&#8243; background_hover_color_opacity=\u00bb1&#8243; column_backdrop_filter=\u00bbnone\u00bb column_shadow=\u00bbnone\u00bb column_border_radius=\u00bbnone\u00bb column_link_target=\u00bb_self\u00bb overflow=\u00bbvisible\u00bb gradient_direction=\u00bbleft_to_right\u00bb overlay_strength=\u00bb0.3&#8243; width=\u00bb1\/4&#8243; tablet_width_inherit=\u00bbdefault\u00bb animation_type=\u00bbdefault\u00bb bg_image_animation=\u00bbnone\u00bb border_type=\u00bbsimple\u00bb column_border_width=\u00bbnone\u00bb column_border_style=\u00bbsolid\u00bb][milestone heading_inherit=\u00bbdefault\u00bb subject_padding=\u00bb2%\u00bb color=\u00bbDefault\u00bb effect=\u00bbcount\u00bb milestone_alignment=\u00bbdefault\u00bb number=\u00bb2&#8243; subject=\u00bbSobre una superficie limpia y seca, aplicar CONSACRILIC, ACQUACONS o PRIMER FIX\u00bb number_font_size=\u00bb48&#8243;][\/vc_column_inner][vc_column_inner column_padding=\u00bbno-extra-padding\u00bb column_padding_tablet=\u00bbinherit\u00bb column_padding_phone=\u00bbinherit\u00bb column_padding_position=\u00bball\u00bb column_element_direction_desktop=\u00bbdefault\u00bb column_element_spacing=\u00bbdefault\u00bb desktop_text_alignment=\u00bbdefault\u00bb tablet_text_alignment=\u00bbdefault\u00bb phone_text_alignment=\u00bbdefault\u00bb background_color_opacity=\u00bb1&#8243; background_hover_color_opacity=\u00bb1&#8243; column_backdrop_filter=\u00bbnone\u00bb column_shadow=\u00bbnone\u00bb column_border_radius=\u00bbnone\u00bb column_link_target=\u00bb_self\u00bb overflow=\u00bbvisible\u00bb gradient_direction=\u00bbleft_to_right\u00bb overlay_strength=\u00bb0.3&#8243; width=\u00bb1\/4&#8243; tablet_width_inherit=\u00bbdefault\u00bb animation_type=\u00bbdefault\u00bb bg_image_animation=\u00bbnone\u00bb border_type=\u00bbsimple\u00bb column_border_width=\u00bbnone\u00bb column_border_style=\u00bbsolid\u00bb][milestone heading_inherit=\u00bbdefault\u00bb subject_padding=\u00bb2%\u00bb color=\u00bbDefault\u00bb effect=\u00bbcount\u00bb milestone_alignment=\u00bbdefault\u00bb number=\u00bb3&#8243; subject=\u00bbEvaluar el efecto consolidador (despu\u00e9s de aproximadamente 24 horas para CONSACRILIC, 4 d\u00edas para ACQUACONS, 6 horas para PRIMER FIX)\u00bb number_font_size=\u00bb48&#8243;][\/vc_column_inner][vc_column_inner column_padding=\u00bbno-extra-padding\u00bb column_padding_tablet=\u00bbinherit\u00bb column_padding_phone=\u00bbinherit\u00bb column_padding_position=\u00bball\u00bb column_element_direction_desktop=\u00bbdefault\u00bb column_element_spacing=\u00bbdefault\u00bb desktop_text_alignment=\u00bbdefault\u00bb tablet_text_alignment=\u00bbdefault\u00bb phone_text_alignment=\u00bbdefault\u00bb background_color_opacity=\u00bb1&#8243; background_hover_color_opacity=\u00bb1&#8243; column_backdrop_filter=\u00bbnone\u00bb column_shadow=\u00bbnone\u00bb column_border_radius=\u00bbnone\u00bb column_link_target=\u00bb_self\u00bb overflow=\u00bbvisible\u00bb gradient_direction=\u00bbleft_to_right\u00bb overlay_strength=\u00bb0.3&#8243; width=\u00bb1\/4&#8243; tablet_width_inherit=\u00bbdefault\u00bb animation_type=\u00bbdefault\u00bb bg_image_animation=\u00bbnone\u00bb border_type=\u00bbsimple\u00bb column_border_width=\u00bbnone\u00bb column_border_style=\u00bbsolid\u00bb][milestone heading_inherit=\u00bbdefault\u00bb subject_padding=\u00bb2%\u00bb color=\u00bbDefault\u00bb effect=\u00bbcount\u00bb milestone_alignment=\u00bbdefault\u00bb number=\u00bb4&#8243; subject=\u00bbContinuar con las operaciones de acabado\u00bb number_font_size=\u00bb48&#8243;][\/vc_column_inner][\/vc_row_inner][\/vc_column][\/vc_row][vc_row type=\u00bbin_container\u00bb full_screen_row_position=\u00bbmiddle\u00bb column_margin=\u00bbdefault\u00bb column_direction=\u00bbdefault\u00bb column_direction_tablet=\u00bbdefault\u00bb column_direction_phone=\u00bbdefault\u00bb scene_position=\u00bbcenter\u00bb text_color=\u00bbdark\u00bb text_align=\u00bbleft\u00bb row_border_radius=\u00bbnone\u00bb row_border_radius_applies=\u00bbbg\u00bb overflow=\u00bbvisible\u00bb overlay_strength=\u00bb0.3&#8243; gradient_direction=\u00bbleft_to_right\u00bb shape_divider_position=\u00bbbottom\u00bb bg_image_animation=\u00bbnone\u00bb][vc_column column_padding=\u00bbno-extra-padding\u00bb column_padding_tablet=\u00bbinherit\u00bb column_padding_phone=\u00bbinherit\u00bb column_padding_position=\u00bball\u00bb column_element_direction_desktop=\u00bbdefault\u00bb column_element_spacing=\u00bbdefault\u00bb desktop_text_alignment=\u00bbdefault\u00bb tablet_text_alignment=\u00bbdefault\u00bb phone_text_alignment=\u00bbdefault\u00bb background_color_opacity=\u00bb1&#8243; background_hover_color_opacity=\u00bb1&#8243; column_backdrop_filter=\u00bbnone\u00bb column_shadow=\u00bbnone\u00bb column_border_radius=\u00bbnone\u00bb column_link_target=\u00bb_self\u00bb column_position=\u00bbdefault\u00bb gradient_direction=\u00bbleft_to_right\u00bb overlay_strength=\u00bb0.3&#8243; width=\u00bb1\/2&#8243; tablet_width_inherit=\u00bbdefault\u00bb animation_type=\u00bbdefault\u00bb bg_image_animation=\u00bbnone\u00bb border_type=\u00bbsimple\u00bb column_border_width=\u00bbnone\u00bb column_border_style=\u00bbsolid\u00bb][vc_custom_heading text=\u00bbLas ventajas de los productos CIR\u00bb use_theme_fonts=\u00bbyes\u00bb]<div class=\"nectar-fancy-ul\" data-list-icon=\"fa fa-plus\" data-animation=\"false\" data-animation-delay=\"0\" data-color=\"extra-color-2\" data-spacing=\"default\" data-alignment=\"left\"> \n<div class=\"uagb-icon-list-repeater-0 uagb-icon-list__wrapper\">\n<div class=\"uagb-icon-list__content-wrap\">\n<ul>\n<li class=\"uagb-icon-list__label-wrap\"><span class=\"uagb-icon-list__label\"><strong>Alta penetraci\u00f3n<\/strong> en el interior del producto<\/span><\/li>\n<li><strong>Compatible <\/strong> con las propiedades qu\u00edmicas y f\u00edsicas de los materiales<\/li>\n<li>Garantizan la <strong>permeabilidad al vapor<\/strong><\/li>\n<li>No liberan subproductos nocivos<\/li>\n<li><strong>No t\u00f3xico<\/strong> y respetuoso con el medio ambiente<\/li>\n<li>No crean pel\u00edculas superficiales<\/li>\n<li>Uniforman la absorci\u00f3n<\/li>\n<\/ul>\n<\/div>\n<\/div>\n <\/div>[\/vc_column][vc_column column_padding=\u00bbno-extra-padding\u00bb column_padding_tablet=\u00bbinherit\u00bb column_padding_phone=\u00bbinherit\u00bb column_padding_position=\u00bball\u00bb column_element_direction_desktop=\u00bbdefault\u00bb column_element_spacing=\u00bbdefault\u00bb desktop_text_alignment=\u00bbdefault\u00bb tablet_text_alignment=\u00bbdefault\u00bb phone_text_alignment=\u00bbdefault\u00bb background_color_opacity=\u00bb1&#8243; background_hover_color_opacity=\u00bb1&#8243; column_backdrop_filter=\u00bbnone\u00bb column_shadow=\u00bbnone\u00bb column_border_radius=\u00bbnone\u00bb column_link_target=\u00bb_self\u00bb column_position=\u00bbdefault\u00bb gradient_direction=\u00bbleft_to_right\u00bb overlay_strength=\u00bb0.3&#8243; width=\u00bb1\/2&#8243; tablet_width_inherit=\u00bbdefault\u00bb animation_type=\u00bbdefault\u00bb bg_image_animation=\u00bbnone\u00bb border_type=\u00bbsimple\u00bb column_border_width=\u00bbnone\u00bb column_border_style=\u00bbsolid\u00bb][vc_custom_heading text=\u00bbEl t\u00e9cnico recomienda\u00bb use_theme_fonts=\u00bbyes\u00bb][vc_column_text]Para obtener un buen resultado de consolidaci\u00f3n es necesario <strong>evaluar la absorci\u00f3n del material<\/strong>, para poder elegir la diluci\u00f3n adecuada del consolidante y as\u00ed intervenir en profundidad.[\/vc_column_text][\/vc_column][\/vc_row]\n","protected":false},"excerpt":{"rendered":"<p>[vc_row type=\u00bbfull_width_background\u00bb full_screen_row_position=\u00bbmiddle\u00bb column_margin=\u00bbdefault\u00bb column_direction=\u00bbdefault\u00bb column_direction_tablet=\u00bbdefault\u00bb column_direction_phone=\u00bbdefault\u00bb scene_position=\u00bbcenter\u00bb text_color=\u00bbdark\u00bb text_align=\u00bbleft\u00bb row_border_radius=\u00bbnone\u00bb row_border_radius_applies=\u00bbbg\u00bb overflow=\u00bbvisible\u00bb overlay_strength=\u00bb0.3&#8243; gradient_direction=\u00bbleft_to_right\u00bb shape_divider_position=\u00bbbottom\u00bb bg_image_animation=\u00bbnone\u00bb gradient_type=\u00bbdefault\u00bb shape_type=\u00bb\u00bb][vc_column column_padding=\u00bbno-extra-padding\u00bb column_padding_tablet=\u00bbinherit\u00bb column_padding_phone=\u00bbinherit\u00bb column_padding_position=\u00bball\u00bb column_element_direction_desktop=\u00bbdefault\u00bb column_element_spacing=\u00bbdefault\u00bb desktop_text_alignment=\u00bbdefault\u00bb tablet_text_alignment=\u00bbdefault\u00bb phone_text_alignment=\u00bbdefault\u00bb background_color_opacity=\u00bb1&#8243; background_hover_color_opacity=\u00bb1&#8243;&#8230;<\/p>\n","protected":false},"author":1,"featured_media":0,"parent":0,"menu_order":0,"comment_status":"closed","ping_status":"closed","template":"","meta":{"_exactmetrics_skip_tracking":false,"_exactmetrics_sitenote_active":false,"_exactmetrics_sitenote_note":"","_exactmetrics_sitenote_category":0,"footnotes":""},"class_list":["post-11661","page","type-page","status-publish"],"_links":{"self":[{"href":"https:\/\/www.circhimica.it\/es\/wp-json\/wp\/v2\/pages\/11661","targetHints":{"allow":["GET"]}}],"collection":[{"href":"https:\/\/www.circhimica.it\/es\/wp-json\/wp\/v2\/pages"}],"about":[{"href":"https:\/\/www.circhimica.it\/es\/wp-json\/wp\/v2\/types\/page"}],"author":[{"embeddable":true,"href":"https:\/\/www.circhimica.it\/es\/wp-json\/wp\/v2\/users\/1"}],"replies":[{"embeddable":true,"href":"https:\/\/www.circhimica.it\/es\/wp-json\/wp\/v2\/comments?post=11661"}],"version-history":[{"count":0,"href":"https:\/\/www.circhimica.it\/es\/wp-json\/wp\/v2\/pages\/11661\/revisions"}],"wp:attachment":[{"href":"https:\/\/www.circhimica.it\/es\/wp-json\/wp\/v2\/media?parent=11661"}],"curies":[{"name":"wp","href":"https:\/\/api.w.org\/{rel}","templated":true}]}}